{"id":14,"date":"2025-01-11T08:38:29","date_gmt":"2025-01-11T08:38:29","guid":{"rendered":"https:\/\/nwn.fwq.mybluehost.me\/services\/"},"modified":"2025-04-28T10:14:08","modified_gmt":"2025-04-28T10:14:08","slug":"products","status":"publish","type":"page","link":"https:\/\/promptmaster.store\/cs\/products\/","title":{"rendered":""},"content":{"rendered":"\n<div class=\"nfd-container nfd-p-lg nfd-theme-light nfd-bg-surface is-style-nfd-theme-light wp-block-group is-layout-constrained wp-container-core-group-is-layout-19e250f3 wp-block-group-is-layout-constrained\">\n<div class=\"wp-block-columns are-vertically-aligned-center is-layout-flex wp-container-core-columns-is-layout-6894eabb wp-block-columns-is-layout-flex\" style=\"padding-top:0;padding-right:0;padding-bottom:0;padding-left:0\">\n<div class=\"wp-block-column is-vertically-aligned-center is-layout-flow wp-block-column-is-layout-flow\">\n<h3 class=\"nfd-text-xl md:nfd-text-left nfd-text-contrast nfd-text-balance wp-block-heading has-text-align-center\">Project Amplitica<\/h3>\n<\/div>\n\n\n\n<div class=\"nfd-normalize-gap wp-block-column is-vertically-aligned-center is-layout-flow wp-container-core-column-is-layout-c3c25319 wp-block-column-is-layout-flow\" style=\"border-left-width:2px;padding-left:32px\">\n<div class=\"nfd-text-balance nfd-text-md wp-block-group is-content-justification-left is-layout-constrained wp-container-core-group-is-layout-43b76d90 wp-block-group-is-layout-constrained\" style=\"padding-top:6px;padding-bottom:6px\">\n<p class=\"has-text-align-left\">Next-genereation tool for business<\/p>\n\n\n\n<p class=\"\">A new methodology for approaching <\/p>\n<\/div>\n<\/div>\n<\/div>\n<\/div>\n\n\n\n<div class=\"nfd-container nfd-p-lg nfd-theme-dark nfd-bg-surface nfd-wb-headings__heading-7 is-style-nfd-theme-dark wp-block-group nfd-bg-effect-grid is-layout-constrained wp-container-core-group-is-layout-6141fbbf wp-block-group-is-layout-constrained\">\n<div class=\"nfd-gap-lg wp-block-group is-vertical is-content-justification-left is-layout-flex wp-container-core-group-is-layout-58227553 wp-block-group-is-layout-flex\">\n<h2 class=\"wp-block-heading nfd-text-huge nfd-text-contrast nfd-text-balance has-text-align-left\">Driving business growth through personalized process automation<\/h2>\n<\/div>\n<\/div>\n\n\n\n<div class=\"nfd-container nfd-p-lg nfd-theme-darker nfd-bg-surface nfd-wb-features__features-4 is-style-nfd-theme-darker wp-block-group nfd-bg-effect-dots is-layout-constrained wp-block-group-is-layout-constrained\">\n<div class=\"wp-block-group is-vertical is-layout-flex wp-container-core-group-is-layout-fe9cc265 wp-block-group-is-layout-flex\">\n<div class=\"nfd-text-base nfd-gap-md nfd-gap-y-xl wp-block-columns is-layout-flex wp-container-core-columns-is-layout-28f84493 wp-block-columns-is-layout-flex\">\n<div class=\"wp-block-column is-layout-flow wp-block-column-is-layout-flow\">\n<div class=\"nfd-shadow-xs nfd-p-card-square nfd-rounded nfd-gap-md nfd-theme-dark nfd-bg-surface is-style-nfd-theme-dark wp-block-group is-vertical is-content-justification-left is-layout-flex wp-container-core-group-is-layout-dd225191 wp-block-group-is-layout-flex\" style=\"border-width:1px\">\n<p class=\"nfd-text-xl nfd-text-primary nfd-text-balance has-text-align-left\" style=\"font-style:normal;font-weight:300;letter-spacing:2px\">01<\/p>\n\n\n\n<h3 class=\"nfd-text-md nfd-text-contrast wp-block-heading has-text-align-left\" style=\"font-style:normal;font-weight:500\">Analysis<\/h3>\n\n\n\n<p class=\"\">Artificial intelligence brings new dimensions to data exploration. It offers connections and interconnections across different dimensions for a deeper understanding of data.<\/p>\n<\/div>\n<\/div>\n\n\n\n<div class=\"wp-block-column is-layout-flow wp-block-column-is-layout-flow\">\n<div class=\"nfd-shadow-xs nfd-p-card-square nfd-rounded nfd-gap-md wp-block-group is-vertical is-content-justification-left is-layout-flex wp-container-core-group-is-layout-dd225191 wp-block-group-is-layout-flex\">\n<p class=\"nfd-text-xl nfd-text-primary nfd-text-balance has-text-align-left\" style=\"font-style:normal;font-weight:300;letter-spacing:2px\">02<\/p>\n\n\n\n<h3 class=\"nfd-text-md nfd-text-contrast wp-block-heading has-text-align-left\" style=\"font-style:normal;font-weight:500\">Sales &#038; Marketing<\/h3>\n\n\n\n<p class=\"nfd-text-balance nfd-text-faded  has-text-align-left\">The use of large language models enables highly targeted acquisition campaigns with optimal retention. It significantly streamlines the process of closing new deals, with recommendations for upselling.<\/p>\n<\/div>\n<\/div>\n\n\n\n<div class=\"wp-block-column is-layout-flow wp-block-column-is-layout-flow\">\n<div class=\"nfd-shadow-xs nfd-p-card-square nfd-rounded nfd-gap-md nfd-theme-dark nfd-bg-surface is-style-nfd-theme-dark wp-block-group is-vertical is-content-justification-left is-layout-flex wp-container-core-group-is-layout-dd225191 wp-block-group-is-layout-flex\" style=\"border-width:1px\">\n<p class=\"nfd-text-xl nfd-text-primary nfd-text-balance has-text-align-left\" style=\"font-style:normal;font-weight:300;letter-spacing:2px\">03<\/p>\n\n\n\n<h3 class=\"nfd-text-md nfd-text-contrast wp-block-heading has-text-align-left\" style=\"font-style:normal;font-weight:500\">Advanced calculation &#038; reporting<\/h3>\n\n\n\n<p class=\"\">At the moment of adopting advanced technologies, the perspective on numbers related to business processes becomes a new dimension for fast, quality decision-making. The goal is to achieve the highest possible elimination of errors and maximize efficiency by leveraging human potential.<\/p>\n<\/div>\n<\/div>\n<\/div>\n\n\n\n<div class=\"nfd-text-base nfd-gap-md nfd-gap-y-xl wp-block-columns is-layout-flex wp-container-core-columns-is-layout-28f84493 wp-block-columns-is-layout-flex\">\n<div class=\"wp-block-column is-layout-flow wp-block-column-is-layout-flow\">\n<div class=\"nfd-shadow-xs nfd-p-card-square nfd-rounded nfd-gap-md wp-block-group is-vertical is-content-justification-left is-layout-flex wp-container-core-group-is-layout-dd225191 wp-block-group-is-layout-flex\">\n<p class=\"nfd-text-xl nfd-text-primary nfd-text-balance has-text-align-left\" style=\"font-style:normal;font-weight:300;letter-spacing:2px\">04<\/p>\n\n\n\n<p class=\"\"><strong>Real time data<\/strong><\/p>\n\n\n\n<p class=\"nfd-text-balance nfd-text-faded  has-text-align-left\">Having data instantly available is a win for any department, in any company, and across any industry. A new perspective on data brings not only a new dimension to decision-making but also unprecedented speed.<\/p>\n<\/div>\n<\/div>\n\n\n\n<div class=\"wp-block-column is-layout-flow wp-block-column-is-layout-flow\">\n<div class=\"nfd-shadow-xs nfd-p-card-square nfd-rounded nfd-gap-md wp-block-group is-vertical is-content-justification-left is-layout-flex wp-container-core-group-is-layout-dd225191 wp-block-group-is-layout-flex\">\n<p class=\"nfd-text-xl nfd-text-primary nfd-text-balance has-text-align-left\" style=\"font-style:normal;font-weight:300;letter-spacing:2px\">05<\/p>\n\n\n\n<h3 class=\"nfd-text-md nfd-text-contrast wp-block-heading has-text-align-left\" style=\"font-style:normal;font-weight:500\">Support<\/h3>\n\n\n\n<p class=\"nfd-text-balance nfd-text-faded  has-text-align-left\">Any task a user performs on a PC, smartphone, or similar device can be automated. As part of our services, we offer support for the secure use of systems.<\/p>\n<\/div>\n<\/div>\n<\/div>\n<\/div>\n<\/div>\n\n\n\n<p class=\"\"><\/p>\n\n\n\n<div class=\"nfd-container nfd-p-0 nfd-theme-darker nfd-bg-surface nfd-wb-call-to-action__cta-4 is-style-nfd-theme-darker wp-block-group nfd-bg-effect-grid-2 is-layout-constrained wp-block-group-is-layout-constrained\">\n<p class=\"\"><\/p>\n<\/div>\n\n\n\n<p class=\"\"><\/p>\n","protected":false},"excerpt":{"rendered":"<p>Project Amplitica Next-genereation tool for business A new methodology for approaching Driving business growth through personalized process automation 01 Analysis Artificial intelligence brings new dimensions to data exploration. It offers connections and interconnections across different dimensions for a deeper understanding of data. 02 Sales &#038; Marketing The use of large language models enables highly targeted [&hellip;]<\/p>\n","protected":false},"author":1,"featured_media":0,"parent":0,"menu_order":0,"comment_status":"closed","ping_status":"closed","template":"no-title","meta":{"nf_dc_page":"services","footnotes":""},"class_list":["post-14","page","type-page","status-publish","hentry"],"yoast_head":"<!-- This site is optimized with the Yoast SEO plugin v27.5 - https:\/\/yoast.com\/product\/yoast-seo-wordpress\/ -->\n<title>- PromptMaster<\/title>\n<meta name=\"robots\" content=\"index, follow, max-snippet:-1, max-image-preview:large, max-video-preview:-1\" \/>\n<link rel=\"canonical\" href=\"https:\/\/promptmaster.store\/cs\/products\/\" \/>\n<meta property=\"og:locale\" content=\"cs_CZ\" \/>\n<meta property=\"og:locale:alternate\" content=\"en_US\" \/>\n<meta property=\"og:type\" content=\"article\" \/>\n<meta property=\"og:title\" content=\"- PromptMaster\" \/>\n<meta property=\"og:description\" content=\"Project Amplitica Next-genereation tool for business A new methodology for approaching Driving business growth through personalized process automation 01 Analysis Artificial intelligence brings new dimensions to data exploration. It offers connections and interconnections across different dimensions for a deeper understanding of data. 02 Sales &amp; Marketing The use of large language models enables highly targeted [&hellip;]\" \/>\n<meta property=\"og:url\" content=\"https:\/\/promptmaster.store\/cs\/products\/\" \/>\n<meta property=\"og:site_name\" content=\"PromptMaster\" \/>\n<meta property=\"article:modified_time\" content=\"2025-04-28T10:14:08+00:00\" \/>\n<meta name=\"twitter:card\" content=\"summary_large_image\" \/>\n<meta name=\"twitter:label1\" content=\"Odhadovan\u00e1 doba \u010dten\u00ed\" \/>\n\t<meta name=\"twitter:data1\" content=\"2 minuty\" \/>\n<script type=\"application\/ld+json\" class=\"yoast-schema-graph\">{\"@context\":\"https:\\\/\\\/schema.org\",\"@graph\":[{\"@type\":\"WebPage\",\"@id\":\"https:\\\/\\\/promptmaster.store\\\/products\\\/\",\"url\":\"https:\\\/\\\/promptmaster.store\\\/products\\\/\",\"name\":\"- PromptMaster\",\"isPartOf\":{\"@id\":\"https:\\\/\\\/promptmaster.store\\\/#website\"},\"datePublished\":\"2025-01-11T08:38:29+00:00\",\"dateModified\":\"2025-04-28T10:14:08+00:00\",\"inLanguage\":\"cs-CZ\",\"potentialAction\":[{\"@type\":\"ReadAction\",\"target\":[\"https:\\\/\\\/promptmaster.store\\\/products\\\/\"]}]},{\"@type\":\"WebSite\",\"@id\":\"https:\\\/\\\/promptmaster.store\\\/#website\",\"url\":\"https:\\\/\\\/promptmaster.store\\\/\",\"name\":\"PromptMaster\",\"description\":\"AI Consultation\",\"publisher\":{\"@id\":\"https:\\\/\\\/promptmaster.store\\\/#organization\"},\"potentialAction\":[{\"@type\":\"SearchAction\",\"target\":{\"@type\":\"EntryPoint\",\"urlTemplate\":\"https:\\\/\\\/promptmaster.store\\\/?s={search_term_string}\"},\"query-input\":{\"@type\":\"PropertyValueSpecification\",\"valueRequired\":true,\"valueName\":\"search_term_string\"}}],\"inLanguage\":\"cs-CZ\"},{\"@type\":\"Organization\",\"@id\":\"https:\\\/\\\/promptmaster.store\\\/#organization\",\"name\":\"PromptMaster\",\"url\":\"https:\\\/\\\/promptmaster.store\\\/\",\"logo\":{\"@type\":\"ImageObject\",\"inLanguage\":\"cs-CZ\",\"@id\":\"https:\\\/\\\/promptmaster.store\\\/#\\\/schema\\\/logo\\\/image\\\/\",\"url\":\"https:\\\/\\\/i0.wp.com\\\/promptmaster.store\\\/wp-content\\\/uploads\\\/2025\\\/01\\\/DALL%C2%B7E-2025-02-23-13.22.52-A-modern-and-minimalist-logo-for-PromptMaster.-The-logo-features-bold-clean-sans-serif-text-with-a-subtle-swirling-vortex-symbol-integrated-into-t.webp?fit=1024%2C1024&ssl=1\",\"contentUrl\":\"https:\\\/\\\/i0.wp.com\\\/promptmaster.store\\\/wp-content\\\/uploads\\\/2025\\\/01\\\/DALL%C2%B7E-2025-02-23-13.22.52-A-modern-and-minimalist-logo-for-PromptMaster.-The-logo-features-bold-clean-sans-serif-text-with-a-subtle-swirling-vortex-symbol-integrated-into-t.webp?fit=1024%2C1024&ssl=1\",\"width\":1024,\"height\":1024,\"caption\":\"PromptMaster\"},\"image\":{\"@id\":\"https:\\\/\\\/promptmaster.store\\\/#\\\/schema\\\/logo\\\/image\\\/\"},\"sameAs\":[\"https:\\\/\\\/www.youtube.com\\\/@PromptMaster-b3w\"]}]}<\/script>\n<!-- \/ Yoast SEO plugin. -->","yoast_head_json":{"title":"- PromptMaster","robots":{"index":"index","follow":"follow","max-snippet":"max-snippet:-1","max-image-preview":"max-image-preview:large","max-video-preview":"max-video-preview:-1"},"canonical":"https:\/\/promptmaster.store\/cs\/products\/","og_locale":"cs_CZ","og_type":"article","og_title":"- PromptMaster","og_description":"Project Amplitica Next-genereation tool for business A new methodology for approaching Driving business growth through personalized process automation 01 Analysis Artificial intelligence brings new dimensions to data exploration. It offers connections and interconnections across different dimensions for a deeper understanding of data. 02 Sales &#038; Marketing The use of large language models enables highly targeted [&hellip;]","og_url":"https:\/\/promptmaster.store\/cs\/products\/","og_site_name":"PromptMaster","article_modified_time":"2025-04-28T10:14:08+00:00","twitter_card":"summary_large_image","twitter_misc":{"Odhadovan\u00e1 doba \u010dten\u00ed":"2 minuty"},"schema":{"@context":"https:\/\/schema.org","@graph":[{"@type":"WebPage","@id":"https:\/\/promptmaster.store\/products\/","url":"https:\/\/promptmaster.store\/products\/","name":"- PromptMaster","isPartOf":{"@id":"https:\/\/promptmaster.store\/#website"},"datePublished":"2025-01-11T08:38:29+00:00","dateModified":"2025-04-28T10:14:08+00:00","inLanguage":"cs-CZ","potentialAction":[{"@type":"ReadAction","target":["https:\/\/promptmaster.store\/products\/"]}]},{"@type":"WebSite","@id":"https:\/\/promptmaster.store\/#website","url":"https:\/\/promptmaster.store\/","name":"PromptMaster","description":"AI Consultation","publisher":{"@id":"https:\/\/promptmaster.store\/#organization"},"potentialAction":[{"@type":"SearchAction","target":{"@type":"EntryPoint","urlTemplate":"https:\/\/promptmaster.store\/?s={search_term_string}"},"query-input":{"@type":"PropertyValueSpecification","valueRequired":true,"valueName":"search_term_string"}}],"inLanguage":"cs-CZ"},{"@type":"Organization","@id":"https:\/\/promptmaster.store\/#organization","name":"PromptMaster","url":"https:\/\/promptmaster.store\/","logo":{"@type":"ImageObject","inLanguage":"cs-CZ","@id":"https:\/\/promptmaster.store\/#\/schema\/logo\/image\/","url":"https:\/\/i0.wp.com\/promptmaster.store\/wp-content\/uploads\/2025\/01\/DALL%C2%B7E-2025-02-23-13.22.52-A-modern-and-minimalist-logo-for-PromptMaster.-The-logo-features-bold-clean-sans-serif-text-with-a-subtle-swirling-vortex-symbol-integrated-into-t.webp?fit=1024%2C1024&ssl=1","contentUrl":"https:\/\/i0.wp.com\/promptmaster.store\/wp-content\/uploads\/2025\/01\/DALL%C2%B7E-2025-02-23-13.22.52-A-modern-and-minimalist-logo-for-PromptMaster.-The-logo-features-bold-clean-sans-serif-text-with-a-subtle-swirling-vortex-symbol-integrated-into-t.webp?fit=1024%2C1024&ssl=1","width":1024,"height":1024,"caption":"PromptMaster"},"image":{"@id":"https:\/\/promptmaster.store\/#\/schema\/logo\/image\/"},"sameAs":["https:\/\/www.youtube.com\/@PromptMaster-b3w"]}]}},"jetpack_sharing_enabled":true,"_links":{"self":[{"href":"https:\/\/promptmaster.store\/cs\/wp-json\/wp\/v2\/pages\/14","targetHints":{"allow":["GET"]}}],"collection":[{"href":"https:\/\/promptmaster.store\/cs\/wp-json\/wp\/v2\/pages"}],"about":[{"href":"https:\/\/promptmaster.store\/cs\/wp-json\/wp\/v2\/types\/page"}],"author":[{"embeddable":true,"href":"https:\/\/promptmaster.store\/cs\/wp-json\/wp\/v2\/users\/1"}],"replies":[{"embeddable":true,"href":"https:\/\/promptmaster.store\/cs\/wp-json\/wp\/v2\/comments?post=14"}],"version-history":[{"count":20,"href":"https:\/\/promptmaster.store\/cs\/wp-json\/wp\/v2\/pages\/14\/revisions"}],"predecessor-version":[{"id":474,"href":"https:\/\/promptmaster.store\/cs\/wp-json\/wp\/v2\/pages\/14\/revisions\/474"}],"wp:attachment":[{"href":"https:\/\/promptmaster.store\/cs\/wp-json\/wp\/v2\/media?parent=14"}],"curies":[{"name":"wp","href":"https:\/\/api.w.org\/{rel}","templated":true}]}}