{"id":15,"date":"2025-01-11T08:38:32","date_gmt":"2025-01-11T08:38:32","guid":{"rendered":"https:\/\/nwn.fwq.mybluehost.me\/contact\/"},"modified":"2025-04-28T10:20:45","modified_gmt":"2025-04-28T10:20:45","slug":"contact","status":"publish","type":"page","link":"https:\/\/promptmaster.store\/cs\/contact\/","title":{"rendered":""},"content":{"rendered":"\n<div class=\"nfd-container nfd-p-lg wp-block-group alignfull has-black-color has-white-background-color has-text-color has-background is-layout-flow wp-container-core-group-is-layout-330ce275 wp-block-group-is-layout-flow\">\n<h1 class=\"nfd-text-giga nfd-text-current md:nfd-no-br wp-block-heading has-text-align-center\">Contact<\/h1>\n\n\n\n<div class=\"wp-block-group nfd-wb-animate nfd-wb-fade-in-bottom-short is-vertical is-content-justification-center is-layout-flex wp-container-core-group-is-layout-ce155fab wp-block-group-is-layout-flex\"><\/div>\n<\/div>\n\n\n\n<div class=\"nfd-py-0 nfd-px-lg nfd-container wp-block-group alignfull is-layout-constrained wp-block-group-is-layout-constrained\">\n<div class=\"wp-block-group has-border-color nfd-wb-animate nfd-wb-fade-in-bottom-short nfd-delay-300 is-content-justification-left is-layout-flex wp-container-core-group-is-layout-46c3cdc7 wp-block-group-is-layout-flex\" style=\"border-color:#00000017;border-width:1px;border-radius:12px\">\n<div class=\"nfd-p-md nfd-text-base nfd-bg-surface nfd-theme-darker is-style-nfd-theme-darker wp-block-group wp-container-content-01c117f0 is-vertical is-content-justification-left is-layout-flex wp-container-core-group-is-layout-95b9bda4 wp-block-group-is-layout-flex\" style=\"border-radius:16px\">\n<div class=\"nfd-gap-xl wp-block-group is-layout-constrained wp-block-group-is-layout-constrained\">\n<div class=\"wp-block-group is-layout-constrained wp-block-group-is-layout-constrained\">\n<h2 class=\"wp-block-heading nfd-text-current nfd-text-lg\">Get in touch<\/h2>\n<\/div>\n\n\n\n<p class=\"\">PromptMaster s.r.o<\/p>\n\n\n\n<p class=\"\">B\u011blehradsk\u00e1 858\/23<\/p>\n\n\n\n<p class=\"\">Praha 2, 120 00<\/p>\n\n\n\n<p class=\"\">\u010cesk\u00e1 republika<\/p>\n\n\n\n<p class=\"\">tel: +420721507111<\/p>\n<\/div>\n<\/div>\n\n\n\n<div class=\"nfd-p-md md:nfd-basis-full wp-block-group wp-container-content-6d18316b is-layout-constrained wp-container-core-group-is-layout-70f4fdbb wp-block-group-is-layout-constrained\" style=\"border-radius:16px\"><div class=\"wp-block-jetpack-contact-form is-style-default nfd-jp-form\"><a href=\"https:\/\/promptmaster.store\/cs\/contact\/\" target=\"_blank\" rel=\"noopener noreferrer\">Odeslat formul\u00e1\u0159.<\/a><\/div><\/div>\n<\/div>\n<\/div>\n\n\n\n<p class=\"\"><\/p>\n","protected":false},"excerpt":{"rendered":"<p>Contact Get in touch PromptMaster s.r.o B\u011blehradsk\u00e1 858\/23 Praha 2, 120 00 \u010cesk\u00e1 republika tel: +420721507111<\/p>\n","protected":false},"author":1,"featured_media":0,"parent":0,"menu_order":0,"comment_status":"closed","ping_status":"closed","template":"no-title","meta":{"nf_dc_page":"contact","footnotes":""},"class_list":["post-15","page","type-page","status-publish","hentry"],"yoast_head":"<!-- This site is optimized with the Yoast SEO plugin v27.5 - https:\/\/yoast.com\/product\/yoast-seo-wordpress\/ -->\n<title>- PromptMaster<\/title>\n<meta name=\"robots\" content=\"index, follow, max-snippet:-1, max-image-preview:large, max-video-preview:-1\" \/>\n<link rel=\"canonical\" href=\"https:\/\/promptmaster.store\/cs\/contact\/\" \/>\n<meta property=\"og:locale\" content=\"cs_CZ\" \/>\n<meta property=\"og:locale:alternate\" content=\"en_US\" \/>\n<meta property=\"og:type\" content=\"article\" \/>\n<meta property=\"og:title\" content=\"- PromptMaster\" \/>\n<meta property=\"og:description\" content=\"Contact Get in touch PromptMaster s.r.o B\u011blehradsk\u00e1 858\/23 Praha 2, 120 00 \u010cesk\u00e1 republika tel: +420721507111\" \/>\n<meta property=\"og:url\" content=\"https:\/\/promptmaster.store\/cs\/contact\/\" \/>\n<meta property=\"og:site_name\" content=\"PromptMaster\" \/>\n<meta property=\"article:modified_time\" content=\"2025-04-28T10:20:45+00:00\" \/>\n<meta name=\"twitter:card\" content=\"summary_large_image\" \/>\n<meta name=\"twitter:label1\" content=\"Odhadovan\u00e1 doba \u010dten\u00ed\" \/>\n\t<meta name=\"twitter:data1\" content=\"1 minuta\" \/>\n<script type=\"application\/ld+json\" class=\"yoast-schema-graph\">{\"@context\":\"https:\\\/\\\/schema.org\",\"@graph\":[{\"@type\":\"WebPage\",\"@id\":\"https:\\\/\\\/promptmaster.store\\\/contact\\\/\",\"url\":\"https:\\\/\\\/promptmaster.store\\\/contact\\\/\",\"name\":\"- PromptMaster\",\"isPartOf\":{\"@id\":\"https:\\\/\\\/promptmaster.store\\\/#website\"},\"datePublished\":\"2025-01-11T08:38:32+00:00\",\"dateModified\":\"2025-04-28T10:20:45+00:00\",\"inLanguage\":\"cs-CZ\",\"potentialAction\":[{\"@type\":\"ReadAction\",\"target\":[\"https:\\\/\\\/promptmaster.store\\\/contact\\\/\"]}]},{\"@type\":\"WebSite\",\"@id\":\"https:\\\/\\\/promptmaster.store\\\/#website\",\"url\":\"https:\\\/\\\/promptmaster.store\\\/\",\"name\":\"PromptMaster\",\"description\":\"AI Consultation\",\"publisher\":{\"@id\":\"https:\\\/\\\/promptmaster.store\\\/#organization\"},\"potentialAction\":[{\"@type\":\"SearchAction\",\"target\":{\"@type\":\"EntryPoint\",\"urlTemplate\":\"https:\\\/\\\/promptmaster.store\\\/?s={search_term_string}\"},\"query-input\":{\"@type\":\"PropertyValueSpecification\",\"valueRequired\":true,\"valueName\":\"search_term_string\"}}],\"inLanguage\":\"cs-CZ\"},{\"@type\":\"Organization\",\"@id\":\"https:\\\/\\\/promptmaster.store\\\/#organization\",\"name\":\"PromptMaster\",\"url\":\"https:\\\/\\\/promptmaster.store\\\/\",\"logo\":{\"@type\":\"ImageObject\",\"inLanguage\":\"cs-CZ\",\"@id\":\"https:\\\/\\\/promptmaster.store\\\/#\\\/schema\\\/logo\\\/image\\\/\",\"url\":\"https:\\\/\\\/i0.wp.com\\\/promptmaster.store\\\/wp-content\\\/uploads\\\/2025\\\/01\\\/DALL%C2%B7E-2025-02-23-13.22.52-A-modern-and-minimalist-logo-for-PromptMaster.-The-logo-features-bold-clean-sans-serif-text-with-a-subtle-swirling-vortex-symbol-integrated-into-t.webp?fit=1024%2C1024&ssl=1\",\"contentUrl\":\"https:\\\/\\\/i0.wp.com\\\/promptmaster.store\\\/wp-content\\\/uploads\\\/2025\\\/01\\\/DALL%C2%B7E-2025-02-23-13.22.52-A-modern-and-minimalist-logo-for-PromptMaster.-The-logo-features-bold-clean-sans-serif-text-with-a-subtle-swirling-vortex-symbol-integrated-into-t.webp?fit=1024%2C1024&ssl=1\",\"width\":1024,\"height\":1024,\"caption\":\"PromptMaster\"},\"image\":{\"@id\":\"https:\\\/\\\/promptmaster.store\\\/#\\\/schema\\\/logo\\\/image\\\/\"},\"sameAs\":[\"https:\\\/\\\/www.youtube.com\\\/@PromptMaster-b3w\"]}]}<\/script>\n<!-- \/ Yoast SEO plugin. -->","yoast_head_json":{"title":"- PromptMaster","robots":{"index":"index","follow":"follow","max-snippet":"max-snippet:-1","max-image-preview":"max-image-preview:large","max-video-preview":"max-video-preview:-1"},"canonical":"https:\/\/promptmaster.store\/cs\/contact\/","og_locale":"cs_CZ","og_type":"article","og_title":"- PromptMaster","og_description":"Contact Get in touch PromptMaster s.r.o B\u011blehradsk\u00e1 858\/23 Praha 2, 120 00 \u010cesk\u00e1 republika tel: +420721507111","og_url":"https:\/\/promptmaster.store\/cs\/contact\/","og_site_name":"PromptMaster","article_modified_time":"2025-04-28T10:20:45+00:00","twitter_card":"summary_large_image","twitter_misc":{"Odhadovan\u00e1 doba \u010dten\u00ed":"1 minuta"},"schema":{"@context":"https:\/\/schema.org","@graph":[{"@type":"WebPage","@id":"https:\/\/promptmaster.store\/contact\/","url":"https:\/\/promptmaster.store\/contact\/","name":"- PromptMaster","isPartOf":{"@id":"https:\/\/promptmaster.store\/#website"},"datePublished":"2025-01-11T08:38:32+00:00","dateModified":"2025-04-28T10:20:45+00:00","inLanguage":"cs-CZ","potentialAction":[{"@type":"ReadAction","target":["https:\/\/promptmaster.store\/contact\/"]}]},{"@type":"WebSite","@id":"https:\/\/promptmaster.store\/#website","url":"https:\/\/promptmaster.store\/","name":"PromptMaster","description":"AI Consultation","publisher":{"@id":"https:\/\/promptmaster.store\/#organization"},"potentialAction":[{"@type":"SearchAction","target":{"@type":"EntryPoint","urlTemplate":"https:\/\/promptmaster.store\/?s={search_term_string}"},"query-input":{"@type":"PropertyValueSpecification","valueRequired":true,"valueName":"search_term_string"}}],"inLanguage":"cs-CZ"},{"@type":"Organization","@id":"https:\/\/promptmaster.store\/#organization","name":"PromptMaster","url":"https:\/\/promptmaster.store\/","logo":{"@type":"ImageObject","inLanguage":"cs-CZ","@id":"https:\/\/promptmaster.store\/#\/schema\/logo\/image\/","url":"https:\/\/i0.wp.com\/promptmaster.store\/wp-content\/uploads\/2025\/01\/DALL%C2%B7E-2025-02-23-13.22.52-A-modern-and-minimalist-logo-for-PromptMaster.-The-logo-features-bold-clean-sans-serif-text-with-a-subtle-swirling-vortex-symbol-integrated-into-t.webp?fit=1024%2C1024&ssl=1","contentUrl":"https:\/\/i0.wp.com\/promptmaster.store\/wp-content\/uploads\/2025\/01\/DALL%C2%B7E-2025-02-23-13.22.52-A-modern-and-minimalist-logo-for-PromptMaster.-The-logo-features-bold-clean-sans-serif-text-with-a-subtle-swirling-vortex-symbol-integrated-into-t.webp?fit=1024%2C1024&ssl=1","width":1024,"height":1024,"caption":"PromptMaster"},"image":{"@id":"https:\/\/promptmaster.store\/#\/schema\/logo\/image\/"},"sameAs":["https:\/\/www.youtube.com\/@PromptMaster-b3w"]}]}},"jetpack_sharing_enabled":true,"_links":{"self":[{"href":"https:\/\/promptmaster.store\/cs\/wp-json\/wp\/v2\/pages\/15","targetHints":{"allow":["GET"]}}],"collection":[{"href":"https:\/\/promptmaster.store\/cs\/wp-json\/wp\/v2\/pages"}],"about":[{"href":"https:\/\/promptmaster.store\/cs\/wp-json\/wp\/v2\/types\/page"}],"author":[{"embeddable":true,"href":"https:\/\/promptmaster.store\/cs\/wp-json\/wp\/v2\/users\/1"}],"replies":[{"embeddable":true,"href":"https:\/\/promptmaster.store\/cs\/wp-json\/wp\/v2\/comments?post=15"}],"version-history":[{"count":15,"href":"https:\/\/promptmaster.store\/cs\/wp-json\/wp\/v2\/pages\/15\/revisions"}],"predecessor-version":[{"id":475,"href":"https:\/\/promptmaster.store\/cs\/wp-json\/wp\/v2\/pages\/15\/revisions\/475"}],"wp:attachment":[{"href":"https:\/\/promptmaster.store\/cs\/wp-json\/wp\/v2\/media?parent=15"}],"curies":[{"name":"wp","href":"https:\/\/api.w.org\/{rel}","templated":true}]}}