{"id":155,"date":"2025-02-19T14:28:48","date_gmt":"2025-02-19T14:28:48","guid":{"rendered":"https:\/\/promptmaster.store\/?page_id=155"},"modified":"2025-04-24T16:14:20","modified_gmt":"2025-04-24T16:14:20","slug":"sluzby","status":"publish","type":"page","link":"https:\/\/promptmaster.store\/cs\/sluzby\/","title":{"rendered":""},"content":{"rendered":"\n<div class=\"nfd-container nfd-p-lg nfd-wb-features__features-8 wp-block-group is-layout-constrained wp-block-group-is-layout-constrained\">\n<div class=\"nfd-text-base nfd-gap-3xl wp-block-columns are-vertically-aligned-center is-layout-flex wp-container-core-columns-is-layout-28f84493 wp-block-columns-is-layout-flex\">\n<div class=\"md:nfd-order-2 nfd-text-md wp-block-column is-vertically-aligned-center is-layout-flow wp-container-core-column-is-layout-8eebadab wp-block-column-is-layout-flow\" style=\"flex-basis:50%\">\n<div class=\"nfd-gap-lg wp-block-group is-vertical is-content-justification-stretch is-layout-flex wp-container-core-group-is-layout-353c4f5a wp-block-group-is-layout-flex\">\n<p class=\"nfd-text-sm nfd-text-primary has-text-align-left\" style=\"font-style:normal;font-weight:500;letter-spacing:0.05em;text-transform:uppercase\">AI Evangelist<\/p>\n\n\n\n<h2 class=\"nfd-text-xl nfd-text-contrast nfd-text-balance wp-block-heading\">An evangelist to guide your AI adoption<\/h2>\n\n\n\n<div class=\"wp-block-group is-vertical is-content-justification-stretch is-layout-flex wp-container-core-group-is-layout-353c4f5a wp-block-group-is-layout-flex\">\n<p class=\"\">Instead of a traditional consulting approach, an AI Evangelist focuses on long-term collaboration with the company\u2014immersing themselves in its processes, culture, and goals to identify areas with the highest potential for effective and successful AI adoption<\/p>\n\n\n\n<div style=\"height:0px\" aria-hidden=\"true\" class=\"wp-block-spacer wp-container-content-7cd39ab2\"><\/div>\n\n\n\n<div class=\"wp-block-columns is-layout-flex wp-container-core-columns-is-layout-28f84493 wp-block-columns-is-layout-flex\">\n<div class=\"wp-block-column is-layout-flow wp-container-core-column-is-layout-4ed06fcf wp-block-column-is-layout-flow\"><\/div>\n<\/div>\n<\/div>\n<\/div>\n<\/div>\n\n\n\n<div class=\"wp-block-column is-vertically-aligned-center is-layout-flow wp-container-core-column-is-layout-8a368f38 wp-block-column-is-layout-flow\" style=\"flex-basis:50%\">\n<figure class=\"nfd-rounded wp-block-image size-full\"><img data-recalc-dims=\"1\" loading=\"lazy\" decoding=\"async\" width=\"1792\" height=\"1024\" src=\"https:\/\/i0.wp.com\/promptmaster.store\/wp-content\/uploads\/2025\/02\/DALL%C2%B7E-2025-02-27-16.09.30-A-minimalist-representation-of-an-AI-evangelist-guiding-a-business-through-AI-adoption.-A-sleek-modern-figure-in-a-simple-professional-outfit-inter.webp?resize=1792%2C1024&#038;ssl=1\" alt=\"\" class=\"wp-image-401\" style=\"aspect-ratio:1;object-fit:cover\" srcset=\"https:\/\/i0.wp.com\/promptmaster.store\/wp-content\/uploads\/2025\/02\/DALL%C2%B7E-2025-02-27-16.09.30-A-minimalist-representation-of-an-AI-evangelist-guiding-a-business-through-AI-adoption.-A-sleek-modern-figure-in-a-simple-professional-outfit-inter.webp?w=1792&amp;ssl=1 1792w, https:\/\/i0.wp.com\/promptmaster.store\/wp-content\/uploads\/2025\/02\/DALL%C2%B7E-2025-02-27-16.09.30-A-minimalist-representation-of-an-AI-evangelist-guiding-a-business-through-AI-adoption.-A-sleek-modern-figure-in-a-simple-professional-outfit-inter.webp?resize=300%2C171&amp;ssl=1 300w, https:\/\/i0.wp.com\/promptmaster.store\/wp-content\/uploads\/2025\/02\/DALL%C2%B7E-2025-02-27-16.09.30-A-minimalist-representation-of-an-AI-evangelist-guiding-a-business-through-AI-adoption.-A-sleek-modern-figure-in-a-simple-professional-outfit-inter.webp?resize=1024%2C585&amp;ssl=1 1024w, https:\/\/i0.wp.com\/promptmaster.store\/wp-content\/uploads\/2025\/02\/DALL%C2%B7E-2025-02-27-16.09.30-A-minimalist-representation-of-an-AI-evangelist-guiding-a-business-through-AI-adoption.-A-sleek-modern-figure-in-a-simple-professional-outfit-inter.webp?resize=768%2C439&amp;ssl=1 768w, https:\/\/i0.wp.com\/promptmaster.store\/wp-content\/uploads\/2025\/02\/DALL%C2%B7E-2025-02-27-16.09.30-A-minimalist-representation-of-an-AI-evangelist-guiding-a-business-through-AI-adoption.-A-sleek-modern-figure-in-a-simple-professional-outfit-inter.webp?resize=1536%2C878&amp;ssl=1 1536w\" sizes=\"auto, (max-width: 1000px) 100vw, 1000px\" \/><\/figure>\n<\/div>\n<\/div>\n<\/div>\n\n\n\n<p class=\"\"><\/p>\n","protected":false},"excerpt":{"rendered":"<p>AI Evangelist An evangelist to guide your AI adoption Instead of a traditional consulting approach, an AI Evangelist focuses on long-term collaboration with the company\u2014immersing themselves in its processes, culture, and goals to identify areas with the highest potential for effective and successful AI adoption<\/p>\n","protected":false},"author":1,"featured_media":0,"parent":0,"menu_order":0,"comment_status":"closed","ping_status":"closed","template":"","meta":{"nf_dc_page":"","footnotes":""},"class_list":["post-155","page","type-page","status-publish","hentry"],"yoast_head":"<!-- This site is optimized with the Yoast SEO plugin v27.5 - https:\/\/yoast.com\/product\/yoast-seo-wordpress\/ -->\n<title>- PromptMaster<\/title>\n<meta name=\"robots\" content=\"index, follow, max-snippet:-1, max-image-preview:large, max-video-preview:-1\" \/>\n<link rel=\"canonical\" href=\"https:\/\/promptmaster.store\/cs\/sluzby\/\" \/>\n<meta property=\"og:locale\" content=\"cs_CZ\" \/>\n<meta property=\"og:locale:alternate\" content=\"en_US\" \/>\n<meta property=\"og:type\" content=\"article\" \/>\n<meta property=\"og:title\" content=\"- PromptMaster\" \/>\n<meta property=\"og:description\" content=\"AI Evangelist An evangelist to guide your AI adoption Instead of a traditional consulting approach, an AI Evangelist focuses on long-term collaboration with the company\u2014immersing themselves in its processes, culture, and goals to identify areas with the highest potential for effective and successful AI adoption\" \/>\n<meta property=\"og:url\" content=\"https:\/\/promptmaster.store\/cs\/sluzby\/\" \/>\n<meta property=\"og:site_name\" content=\"PromptMaster\" \/>\n<meta property=\"article:modified_time\" content=\"2025-04-24T16:14:20+00:00\" \/>\n<meta name=\"twitter:card\" content=\"summary_large_image\" \/>\n<meta name=\"twitter:label1\" content=\"Odhadovan\u00e1 doba \u010dten\u00ed\" \/>\n\t<meta name=\"twitter:data1\" content=\"1 minuta\" \/>\n<script type=\"application\/ld+json\" class=\"yoast-schema-graph\">{\"@context\":\"https:\\\/\\\/schema.org\",\"@graph\":[{\"@type\":\"WebPage\",\"@id\":\"https:\\\/\\\/promptmaster.store\\\/sluzby\\\/\",\"url\":\"https:\\\/\\\/promptmaster.store\\\/sluzby\\\/\",\"name\":\"- PromptMaster\",\"isPartOf\":{\"@id\":\"https:\\\/\\\/promptmaster.store\\\/#website\"},\"datePublished\":\"2025-02-19T14:28:48+00:00\",\"dateModified\":\"2025-04-24T16:14:20+00:00\",\"inLanguage\":\"cs-CZ\",\"potentialAction\":[{\"@type\":\"ReadAction\",\"target\":[\"https:\\\/\\\/promptmaster.store\\\/sluzby\\\/\"]}]},{\"@type\":\"WebSite\",\"@id\":\"https:\\\/\\\/promptmaster.store\\\/#website\",\"url\":\"https:\\\/\\\/promptmaster.store\\\/\",\"name\":\"PromptMaster\",\"description\":\"AI Consultation\",\"publisher\":{\"@id\":\"https:\\\/\\\/promptmaster.store\\\/#organization\"},\"potentialAction\":[{\"@type\":\"SearchAction\",\"target\":{\"@type\":\"EntryPoint\",\"urlTemplate\":\"https:\\\/\\\/promptmaster.store\\\/?s={search_term_string}\"},\"query-input\":{\"@type\":\"PropertyValueSpecification\",\"valueRequired\":true,\"valueName\":\"search_term_string\"}}],\"inLanguage\":\"cs-CZ\"},{\"@type\":\"Organization\",\"@id\":\"https:\\\/\\\/promptmaster.store\\\/#organization\",\"name\":\"PromptMaster\",\"url\":\"https:\\\/\\\/promptmaster.store\\\/\",\"logo\":{\"@type\":\"ImageObject\",\"inLanguage\":\"cs-CZ\",\"@id\":\"https:\\\/\\\/promptmaster.store\\\/#\\\/schema\\\/logo\\\/image\\\/\",\"url\":\"https:\\\/\\\/i0.wp.com\\\/promptmaster.store\\\/wp-content\\\/uploads\\\/2025\\\/01\\\/DALL%C2%B7E-2025-02-23-13.22.52-A-modern-and-minimalist-logo-for-PromptMaster.-The-logo-features-bold-clean-sans-serif-text-with-a-subtle-swirling-vortex-symbol-integrated-into-t.webp?fit=1024%2C1024&ssl=1\",\"contentUrl\":\"https:\\\/\\\/i0.wp.com\\\/promptmaster.store\\\/wp-content\\\/uploads\\\/2025\\\/01\\\/DALL%C2%B7E-2025-02-23-13.22.52-A-modern-and-minimalist-logo-for-PromptMaster.-The-logo-features-bold-clean-sans-serif-text-with-a-subtle-swirling-vortex-symbol-integrated-into-t.webp?fit=1024%2C1024&ssl=1\",\"width\":1024,\"height\":1024,\"caption\":\"PromptMaster\"},\"image\":{\"@id\":\"https:\\\/\\\/promptmaster.store\\\/#\\\/schema\\\/logo\\\/image\\\/\"},\"sameAs\":[\"https:\\\/\\\/www.youtube.com\\\/@PromptMaster-b3w\"]}]}<\/script>\n<!-- \/ Yoast SEO plugin. -->","yoast_head_json":{"title":"- PromptMaster","robots":{"index":"index","follow":"follow","max-snippet":"max-snippet:-1","max-image-preview":"max-image-preview:large","max-video-preview":"max-video-preview:-1"},"canonical":"https:\/\/promptmaster.store\/cs\/sluzby\/","og_locale":"cs_CZ","og_type":"article","og_title":"- PromptMaster","og_description":"AI Evangelist An evangelist to guide your AI adoption Instead of a traditional consulting approach, an AI Evangelist focuses on long-term collaboration with the company\u2014immersing themselves in its processes, culture, and goals to identify areas with the highest potential for effective and successful AI adoption","og_url":"https:\/\/promptmaster.store\/cs\/sluzby\/","og_site_name":"PromptMaster","article_modified_time":"2025-04-24T16:14:20+00:00","twitter_card":"summary_large_image","twitter_misc":{"Odhadovan\u00e1 doba \u010dten\u00ed":"1 minuta"},"schema":{"@context":"https:\/\/schema.org","@graph":[{"@type":"WebPage","@id":"https:\/\/promptmaster.store\/sluzby\/","url":"https:\/\/promptmaster.store\/sluzby\/","name":"- PromptMaster","isPartOf":{"@id":"https:\/\/promptmaster.store\/#website"},"datePublished":"2025-02-19T14:28:48+00:00","dateModified":"2025-04-24T16:14:20+00:00","inLanguage":"cs-CZ","potentialAction":[{"@type":"ReadAction","target":["https:\/\/promptmaster.store\/sluzby\/"]}]},{"@type":"WebSite","@id":"https:\/\/promptmaster.store\/#website","url":"https:\/\/promptmaster.store\/","name":"PromptMaster","description":"AI Consultation","publisher":{"@id":"https:\/\/promptmaster.store\/#organization"},"potentialAction":[{"@type":"SearchAction","target":{"@type":"EntryPoint","urlTemplate":"https:\/\/promptmaster.store\/?s={search_term_string}"},"query-input":{"@type":"PropertyValueSpecification","valueRequired":true,"valueName":"search_term_string"}}],"inLanguage":"cs-CZ"},{"@type":"Organization","@id":"https:\/\/promptmaster.store\/#organization","name":"PromptMaster","url":"https:\/\/promptmaster.store\/","logo":{"@type":"ImageObject","inLanguage":"cs-CZ","@id":"https:\/\/promptmaster.store\/#\/schema\/logo\/image\/","url":"https:\/\/i0.wp.com\/promptmaster.store\/wp-content\/uploads\/2025\/01\/DALL%C2%B7E-2025-02-23-13.22.52-A-modern-and-minimalist-logo-for-PromptMaster.-The-logo-features-bold-clean-sans-serif-text-with-a-subtle-swirling-vortex-symbol-integrated-into-t.webp?fit=1024%2C1024&ssl=1","contentUrl":"https:\/\/i0.wp.com\/promptmaster.store\/wp-content\/uploads\/2025\/01\/DALL%C2%B7E-2025-02-23-13.22.52-A-modern-and-minimalist-logo-for-PromptMaster.-The-logo-features-bold-clean-sans-serif-text-with-a-subtle-swirling-vortex-symbol-integrated-into-t.webp?fit=1024%2C1024&ssl=1","width":1024,"height":1024,"caption":"PromptMaster"},"image":{"@id":"https:\/\/promptmaster.store\/#\/schema\/logo\/image\/"},"sameAs":["https:\/\/www.youtube.com\/@PromptMaster-b3w"]}]}},"jetpack_sharing_enabled":true,"_links":{"self":[{"href":"https:\/\/promptmaster.store\/cs\/wp-json\/wp\/v2\/pages\/155","targetHints":{"allow":["GET"]}}],"collection":[{"href":"https:\/\/promptmaster.store\/cs\/wp-json\/wp\/v2\/pages"}],"about":[{"href":"https:\/\/promptmaster.store\/cs\/wp-json\/wp\/v2\/types\/page"}],"author":[{"embeddable":true,"href":"https:\/\/promptmaster.store\/cs\/wp-json\/wp\/v2\/users\/1"}],"replies":[{"embeddable":true,"href":"https:\/\/promptmaster.store\/cs\/wp-json\/wp\/v2\/comments?post=155"}],"version-history":[{"count":20,"href":"https:\/\/promptmaster.store\/cs\/wp-json\/wp\/v2\/pages\/155\/revisions"}],"predecessor-version":[{"id":465,"href":"https:\/\/promptmaster.store\/cs\/wp-json\/wp\/v2\/pages\/155\/revisions\/465"}],"wp:attachment":[{"href":"https:\/\/promptmaster.store\/cs\/wp-json\/wp\/v2\/media?parent=155"}],"curies":[{"name":"wp","href":"https:\/\/api.w.org\/{rel}","templated":true}]}}