{"id":9,"date":"2025-01-11T08:38:16","date_gmt":"2025-01-11T08:38:16","guid":{"rendered":"https:\/\/nwn.fwq.mybluehost.me\/home\/"},"modified":"2025-04-24T16:57:30","modified_gmt":"2025-04-24T16:57:30","slug":"home","status":"publish","type":"page","link":"https:\/\/promptmaster.store\/cs\/","title":{"rendered":"Home"},"content":{"rendered":"\n<div class=\"nfd-wb-headings__heading-8 wp-block-group alignwide is-layout-constrained wp-block-group-is-layout-constrained\"><\/div>\n\n\n\n<div class=\"nfd-container nfd-pt-lg nfd-theme-light nfd-bg-surface nfd-wb-media-embeds__embed-1 is-style-nfd-theme-light wp-block-group nfd-bg-effect-grid-perspective is-layout-constrained wp-block-group-is-layout-constrained\">\n<div class=\"nfd-gap-lg wp-block-group is-vertical is-content-justification-center is-layout-flex wp-container-core-group-is-layout-ce155fab wp-block-group-is-layout-flex\">\n<h1 class=\"nfd-text-giga nfd-text-contrast nfd-text-balance wp-block-heading has-text-align-center\">Prompt Engineering is ART !<\/h1>\n\n\n\n<p class=\"nfd-text-balance nfd-text-lg nfd-text-faded has-text-align-center\" style=\"font-style:normal;font-weight:400\">Amplifying the possibilities.<\/p>\n\n\n\n<div style=\"height:0px\" aria-hidden=\"true\" class=\"wp-block-spacer wp-container-content-9760934e\"><\/div>\n\n\n\n<div class=\"wp-block-buttons is-content-justification-center is-layout-flex wp-container-core-buttons-is-layout-a89b3969 wp-block-buttons-is-layout-flex\">\n<div class=\"nfd-btn-xl wp-block-button\"><a class=\"wp-block-button__link wp-element-button\" href=\"https:\/\/promptmaster.store\/products\/\">Products<\/a><\/div>\n\n\n\n<div class=\"nfd-btn-xl wp-block-button\"><a class=\"wp-block-button__link wp-element-button\" href=\"https:\/\/promptmaster.store\/sluzby\/\">Services<\/a><\/div>\n<\/div>\n<\/div>\n\n\n\n<div class=\"nfd-overflow-hidden nfd-rounded-t-xl wp-block-group is-layout-constrained wp-block-group-is-layout-constrained\" style=\"margin-top:var(--wp--preset--spacing--70);margin-bottom:0px\">\n<figure class=\"wp-embed-aspect-16-9 wp-has-aspect-ratio wp-block-embed is-type-video is-provider-youtube wp-block-embed-youtube\" style=\"margin-top:0;margin-bottom:0\"><div class=\"wp-block-embed__wrapper\">\n<iframe loading=\"lazy\" title=\"PromptMaster\" width=\"500\" height=\"281\" src=\"https:\/\/www.youtube.com\/embed\/hoqq_38j2fM?feature=oembed\" frameborder=\"0\" allow=\"accelerometer; autoplay; clipboard-write; encrypted-media; gyroscope; picture-in-picture; web-share\" referrerpolicy=\"strict-origin-when-cross-origin\" allowfullscreen><\/iframe>\n<\/div><\/figure>\n<\/div>\n<\/div>\n\n\n\n<div class=\"nfd-wb-hero__hero-1 wp-block-group alignfull is-layout-flow wp-block-group-is-layout-flow\"><\/div>\n\n\n\n<div class=\"nfd-wb-hero__hero-1 wp-block-group alignfull is-layout-flow wp-block-group-is-layout-flow\">\n<div class=\"nfd-container nfd-gap-0 wp-block-group is-vertical is-content-justification-stretch is-layout-flex wp-container-core-group-is-layout-353c4f5a wp-block-group-is-layout-flex\">\n<div class=\"nfd-container nfd-p-lg nfd-rounded-lg is-style-nfd-theme-light wp-block-group alignfull nfd-bg-effect-grid-3 is-layout-constrained wp-block-group-is-layout-constrained\">\n<div class=\"nfd-gap-x-4xl nfd-gap-y-3xl wp-block-columns are-vertically-aligned-center is-layout-flex wp-container-core-columns-is-layout-28f84493 wp-block-columns-is-layout-flex\">\n<div class=\"wp-block-column is-vertically-aligned-center is-layout-flow wp-block-column-is-layout-flow\">\n<div class=\"nfd-gap-2xl nfd-text-md wp-block-group is-vertical is-layout-flex wp-container-core-group-is-layout-d6b9ab57 wp-block-group-is-layout-flex\">\n<h1 class=\"nfd-text-huge nfd-text-primary nfd-text-balance wp-block-heading has-text-align-left\">Why us?<\/h1>\n\n\n\n<p class=\"nfd-text-md has-text-align-left\"><strong>AI and Security Experts<\/strong> \u2013 We help you with selection, deployment, and optimization.<\/p>\n\n\n\n<div class=\"wp-block-columns is-layout-flex wp-container-core-columns-is-layout-28f84493 wp-block-columns-is-layout-flex\">\n<div class=\"wp-block-column is-layout-flow wp-container-core-column-is-layout-e3d1c41b wp-block-column-is-layout-flow\">\n<p class=\"nfd-text-balance\"><strong>Transparent solutions<\/strong><\/p>\n\n\n\n<p class=\"nfd-text-faded nfd-text-base\">No vendor lock-in, just open AI tailored to your needs.<\/p>\n<\/div>\n\n\n\n<div class=\"wp-block-column is-layout-flow wp-container-core-column-is-layout-e3d1c41b wp-block-column-is-layout-flow\">\n<p class=\"nfd-text-balance\"><strong>Support and Solutions <\/strong><\/p>\n\n\n\n<p class=\"nfd-text-faded nfd-text-base\">Whether you&#8217;re a startup or a corporation, we have a solution for you.<\/p>\n<\/div>\n<\/div>\n\n\n\n<div class=\"nfd-text-base wp-block-buttons is-content-justification-left is-layout-flex wp-container-core-buttons-is-layout-1aff515d wp-block-buttons-is-layout-flex\" style=\"font-style:normal;font-weight:600\">\n<div class=\"wp-block-button\"><a class=\"wp-block-button__link wp-element-button\" href=\"https:\/\/promptmaster.store\/contact\/\">Contact us for more information.<\/a><\/div>\n<\/div>\n<\/div>\n<\/div>\n\n\n\n<div class=\"wp-block-column is-vertically-aligned-center is-layout-flow wp-block-column-is-layout-flow\">\n<figure class=\"wp-block-image size-full has-custom-border\"><img data-recalc-dims=\"1\" loading=\"lazy\" decoding=\"async\" width=\"1024\" height=\"1024\" src=\"https:\/\/i0.wp.com\/promptmaster.store\/wp-content\/uploads\/2025\/02\/DALL%C2%B7E-2025-02-19-17.41.02-A-symbolic-illustration-of-two-hands-coming-together-in-a-firm-handshake-representing-partnership-and-collaboration.-The-hands-are-depicted-with-a-cl.webp?resize=1024%2C1024&#038;ssl=1\" alt=\"\" class=\"wp-image-180\" style=\"border-top-left-radius:400px;border-top-right-radius:400px;border-bottom-left-radius:400px;border-bottom-right-radius:8px;aspect-ratio:1;object-fit:cover\" srcset=\"https:\/\/i0.wp.com\/promptmaster.store\/wp-content\/uploads\/2025\/02\/DALL%C2%B7E-2025-02-19-17.41.02-A-symbolic-illustration-of-two-hands-coming-together-in-a-firm-handshake-representing-partnership-and-collaboration.-The-hands-are-depicted-with-a-cl.webp?w=1024&amp;ssl=1 1024w, https:\/\/i0.wp.com\/promptmaster.store\/wp-content\/uploads\/2025\/02\/DALL%C2%B7E-2025-02-19-17.41.02-A-symbolic-illustration-of-two-hands-coming-together-in-a-firm-handshake-representing-partnership-and-collaboration.-The-hands-are-depicted-with-a-cl.webp?resize=300%2C300&amp;ssl=1 300w, https:\/\/i0.wp.com\/promptmaster.store\/wp-content\/uploads\/2025\/02\/DALL%C2%B7E-2025-02-19-17.41.02-A-symbolic-illustration-of-two-hands-coming-together-in-a-firm-handshake-representing-partnership-and-collaboration.-The-hands-are-depicted-with-a-cl.webp?resize=150%2C150&amp;ssl=1 150w, https:\/\/i0.wp.com\/promptmaster.store\/wp-content\/uploads\/2025\/02\/DALL%C2%B7E-2025-02-19-17.41.02-A-symbolic-illustration-of-two-hands-coming-together-in-a-firm-handshake-representing-partnership-and-collaboration.-The-hands-are-depicted-with-a-cl.webp?resize=768%2C768&amp;ssl=1 768w\" sizes=\"auto, (max-width: 1000px) 100vw, 1000px\" \/><\/figure>\n<\/div>\n<\/div>\n\n\n\n<div style=\"height:40px\" aria-hidden=\"true\" class=\"wp-block-spacer\"><\/div>\n<\/div>\n\n\n\n<div class=\"nfd-container wp-block-group alignfull is-layout-constrained wp-block-group-is-layout-constrained\" style=\"padding-top:0px;padding-bottom:50px\">\n<div class=\"-nfd-translate-y-1\/2 nfd-rounded nfd-p-card-lg is-style-nfd-theme-white wp-block-group is-layout-flow wp-block-group-is-layout-flow\">\n<div class=\"nfd-gap-2xl wp-block-columns is-layout-flex wp-container-core-columns-is-layout-28f84493 wp-block-columns-is-layout-flex\">\n<div class=\"wp-block-column is-vertically-aligned-center is-layout-flow wp-block-column-is-layout-flow\" style=\"flex-basis:25%\"><\/div>\n\n\n\n<div class=\"wp-block-column is-vertically-aligned-center is-layout-flow wp-block-column-is-layout-flow\" style=\"flex-basis:25%\"><\/div>\n\n\n\n<div class=\"wp-block-column is-vertically-aligned-center is-layout-flow wp-block-column-is-layout-flow\" style=\"flex-basis:25%\"><\/div>\n<\/div>\n<\/div>\n<\/div>\n<\/div>\n<\/div>\n\n\n\n<div class=\"nfd-container nfd-p-0 nfd-theme-darker nfd-bg-surface nfd-wb-call-to-action__cta-4 is-style-nfd-theme-darker wp-block-group nfd-bg-effect-grid-2 is-layout-constrained wp-block-group-is-layout-constrained\"><\/div>\n","protected":false},"excerpt":{"rendered":"<p>Prompt Engineering is ART ! Amplifying the possibilities. Why us? AI and Security Experts \u2013 We help you with selection, deployment, and optimization. Transparent solutions No vendor lock-in, just open AI tailored to your needs. Support and Solutions Whether you&#8217;re a startup or a corporation, we have a solution for you.<\/p>\n","protected":false},"author":1,"featured_media":0,"parent":0,"menu_order":0,"comment_status":"closed","ping_status":"closed","template":"no-title","meta":{"nf_dc_page":"home","footnotes":""},"class_list":["post-9","page","type-page","status-publish","hentry"],"yoast_head":"<!-- This site is optimized with the Yoast SEO plugin v27.5 - https:\/\/yoast.com\/product\/yoast-seo-wordpress\/ -->\n<title>Home<\/title>\n<meta name=\"robots\" content=\"index, follow, max-snippet:-1, max-image-preview:large, max-video-preview:-1\" \/>\n<link rel=\"canonical\" href=\"https:\/\/promptmaster.store\/cs\/\" \/>\n<meta property=\"og:locale\" content=\"cs_CZ\" \/>\n<meta property=\"og:locale:alternate\" content=\"en_US\" \/>\n<meta property=\"og:type\" content=\"article\" \/>\n<meta property=\"og:title\" content=\"Home\" \/>\n<meta property=\"og:description\" content=\"Prompt Engineering is ART ! Amplifying the possibilities. Why us? AI and Security Experts \u2013 We help you with selection, deployment, and optimization. Transparent solutions No vendor lock-in, just open AI tailored to your needs. Support and Solutions Whether you&#8217;re a startup or a corporation, we have a solution for you.\" \/>\n<meta property=\"og:url\" content=\"https:\/\/promptmaster.store\/cs\/\" \/>\n<meta property=\"og:site_name\" content=\"PromptMaster\" \/>\n<meta property=\"article:modified_time\" content=\"2025-04-24T16:57:30+00:00\" \/>\n<meta name=\"twitter:card\" content=\"summary_large_image\" \/>\n<meta name=\"twitter:label1\" content=\"Odhadovan\u00e1 doba \u010dten\u00ed\" \/>\n\t<meta name=\"twitter:data1\" content=\"1 minuta\" \/>\n<script type=\"application\/ld+json\" class=\"yoast-schema-graph\">{\"@context\":\"https:\\\/\\\/schema.org\",\"@graph\":[{\"@type\":\"WebPage\",\"@id\":\"https:\\\/\\\/promptmaster.store\\\/\",\"url\":\"https:\\\/\\\/promptmaster.store\\\/\",\"name\":\"Home\",\"isPartOf\":{\"@id\":\"https:\\\/\\\/promptmaster.store\\\/#website\"},\"datePublished\":\"2025-01-11T08:38:16+00:00\",\"dateModified\":\"2025-04-24T16:57:30+00:00\",\"breadcrumb\":{\"@id\":\"https:\\\/\\\/promptmaster.store\\\/#breadcrumb\"},\"inLanguage\":\"cs-CZ\",\"potentialAction\":[{\"@type\":\"ReadAction\",\"target\":[\"https:\\\/\\\/promptmaster.store\\\/\"]}]},{\"@type\":\"BreadcrumbList\",\"@id\":\"https:\\\/\\\/promptmaster.store\\\/#breadcrumb\",\"itemListElement\":[{\"@type\":\"ListItem\",\"position\":1,\"name\":\"Home\",\"item\":\"https:\\\/\\\/promptmaster.store\\\/\"},{\"@type\":\"ListItem\",\"position\":2,\"name\":\"Home\"}]},{\"@type\":\"WebSite\",\"@id\":\"https:\\\/\\\/promptmaster.store\\\/#website\",\"url\":\"https:\\\/\\\/promptmaster.store\\\/\",\"name\":\"PromptMaster\",\"description\":\"AI Consultation\",\"publisher\":{\"@id\":\"https:\\\/\\\/promptmaster.store\\\/#organization\"},\"potentialAction\":[{\"@type\":\"SearchAction\",\"target\":{\"@type\":\"EntryPoint\",\"urlTemplate\":\"https:\\\/\\\/promptmaster.store\\\/?s={search_term_string}\"},\"query-input\":{\"@type\":\"PropertyValueSpecification\",\"valueRequired\":true,\"valueName\":\"search_term_string\"}}],\"inLanguage\":\"cs-CZ\"},{\"@type\":\"Organization\",\"@id\":\"https:\\\/\\\/promptmaster.store\\\/#organization\",\"name\":\"PromptMaster\",\"url\":\"https:\\\/\\\/promptmaster.store\\\/\",\"logo\":{\"@type\":\"ImageObject\",\"inLanguage\":\"cs-CZ\",\"@id\":\"https:\\\/\\\/promptmaster.store\\\/#\\\/schema\\\/logo\\\/image\\\/\",\"url\":\"https:\\\/\\\/i0.wp.com\\\/promptmaster.store\\\/wp-content\\\/uploads\\\/2025\\\/01\\\/DALL%C2%B7E-2025-02-23-13.22.52-A-modern-and-minimalist-logo-for-PromptMaster.-The-logo-features-bold-clean-sans-serif-text-with-a-subtle-swirling-vortex-symbol-integrated-into-t.webp?fit=1024%2C1024&ssl=1\",\"contentUrl\":\"https:\\\/\\\/i0.wp.com\\\/promptmaster.store\\\/wp-content\\\/uploads\\\/2025\\\/01\\\/DALL%C2%B7E-2025-02-23-13.22.52-A-modern-and-minimalist-logo-for-PromptMaster.-The-logo-features-bold-clean-sans-serif-text-with-a-subtle-swirling-vortex-symbol-integrated-into-t.webp?fit=1024%2C1024&ssl=1\",\"width\":1024,\"height\":1024,\"caption\":\"PromptMaster\"},\"image\":{\"@id\":\"https:\\\/\\\/promptmaster.store\\\/#\\\/schema\\\/logo\\\/image\\\/\"},\"sameAs\":[\"https:\\\/\\\/www.youtube.com\\\/@PromptMaster-b3w\"]}]}<\/script>\n<!-- \/ Yoast SEO plugin. -->","yoast_head_json":{"title":"Home","robots":{"index":"index","follow":"follow","max-snippet":"max-snippet:-1","max-image-preview":"max-image-preview:large","max-video-preview":"max-video-preview:-1"},"canonical":"https:\/\/promptmaster.store\/cs\/","og_locale":"cs_CZ","og_type":"article","og_title":"[:en]Home[:] - PromptMaster","og_description":"Prompt Engineering is ART ! Amplifying the possibilities. Why us? AI and Security Experts \u2013 We help you with selection, deployment, and optimization. Transparent solutions No vendor lock-in, just open AI tailored to your needs. Support and Solutions Whether you&#8217;re a startup or a corporation, we have a solution for you.","og_url":"https:\/\/promptmaster.store\/cs\/","og_site_name":"PromptMaster","article_modified_time":"2025-04-24T16:57:30+00:00","twitter_card":"summary_large_image","twitter_misc":{"Odhadovan\u00e1 doba \u010dten\u00ed":"1 minuta"},"schema":{"@context":"https:\/\/schema.org","@graph":[{"@type":"WebPage","@id":"https:\/\/promptmaster.store\/","url":"https:\/\/promptmaster.store\/","name":"Home","isPartOf":{"@id":"https:\/\/promptmaster.store\/#website"},"datePublished":"2025-01-11T08:38:16+00:00","dateModified":"2025-04-24T16:57:30+00:00","breadcrumb":{"@id":"https:\/\/promptmaster.store\/#breadcrumb"},"inLanguage":"cs-CZ","potentialAction":[{"@type":"ReadAction","target":["https:\/\/promptmaster.store\/"]}]},{"@type":"BreadcrumbList","@id":"https:\/\/promptmaster.store\/#breadcrumb","itemListElement":[{"@type":"ListItem","position":1,"name":"Home","item":"https:\/\/promptmaster.store\/"},{"@type":"ListItem","position":2,"name":"Home"}]},{"@type":"WebSite","@id":"https:\/\/promptmaster.store\/#website","url":"https:\/\/promptmaster.store\/","name":"PromptMaster","description":"AI Consultation","publisher":{"@id":"https:\/\/promptmaster.store\/#organization"},"potentialAction":[{"@type":"SearchAction","target":{"@type":"EntryPoint","urlTemplate":"https:\/\/promptmaster.store\/?s={search_term_string}"},"query-input":{"@type":"PropertyValueSpecification","valueRequired":true,"valueName":"search_term_string"}}],"inLanguage":"cs-CZ"},{"@type":"Organization","@id":"https:\/\/promptmaster.store\/#organization","name":"PromptMaster","url":"https:\/\/promptmaster.store\/","logo":{"@type":"ImageObject","inLanguage":"cs-CZ","@id":"https:\/\/promptmaster.store\/#\/schema\/logo\/image\/","url":"https:\/\/i0.wp.com\/promptmaster.store\/wp-content\/uploads\/2025\/01\/DALL%C2%B7E-2025-02-23-13.22.52-A-modern-and-minimalist-logo-for-PromptMaster.-The-logo-features-bold-clean-sans-serif-text-with-a-subtle-swirling-vortex-symbol-integrated-into-t.webp?fit=1024%2C1024&ssl=1","contentUrl":"https:\/\/i0.wp.com\/promptmaster.store\/wp-content\/uploads\/2025\/01\/DALL%C2%B7E-2025-02-23-13.22.52-A-modern-and-minimalist-logo-for-PromptMaster.-The-logo-features-bold-clean-sans-serif-text-with-a-subtle-swirling-vortex-symbol-integrated-into-t.webp?fit=1024%2C1024&ssl=1","width":1024,"height":1024,"caption":"PromptMaster"},"image":{"@id":"https:\/\/promptmaster.store\/#\/schema\/logo\/image\/"},"sameAs":["https:\/\/www.youtube.com\/@PromptMaster-b3w"]}]}},"jetpack_sharing_enabled":true,"_links":{"self":[{"href":"https:\/\/promptmaster.store\/cs\/wp-json\/wp\/v2\/pages\/9","targetHints":{"allow":["GET"]}}],"collection":[{"href":"https:\/\/promptmaster.store\/cs\/wp-json\/wp\/v2\/pages"}],"about":[{"href":"https:\/\/promptmaster.store\/cs\/wp-json\/wp\/v2\/types\/page"}],"author":[{"embeddable":true,"href":"https:\/\/promptmaster.store\/cs\/wp-json\/wp\/v2\/users\/1"}],"replies":[{"embeddable":true,"href":"https:\/\/promptmaster.store\/cs\/wp-json\/wp\/v2\/comments?post=9"}],"version-history":[{"count":20,"href":"https:\/\/promptmaster.store\/cs\/wp-json\/wp\/v2\/pages\/9\/revisions"}],"predecessor-version":[{"id":471,"href":"https:\/\/promptmaster.store\/cs\/wp-json\/wp\/v2\/pages\/9\/revisions\/471"}],"wp:attachment":[{"href":"https:\/\/promptmaster.store\/cs\/wp-json\/wp\/v2\/media?parent=9"}],"curies":[{"name":"wp","href":"https:\/\/api.w.org\/{rel}","templated":true}]}}